{"id":806,"date":"2025-03-03T15:03:24","date_gmt":"2025-03-03T22:03:24","guid":{"rendered":"https:\/\/website.nmcrisisline.com\/?page_id=806"},"modified":"2025-03-03T15:08:43","modified_gmt":"2025-03-03T22:08:43","slug":"warmline-terms-of-service","status":"publish","type":"page","link":"https:\/\/nmcrisisline.com\/es\/warmline-terms-of-service\/","title":{"rendered":"Condiciones de servicio de Warmline"},"content":{"rendered":"<div data-elementor-type=\"wp-page\" data-elementor-id=\"806\" class=\"elementor elementor-806\" data-elementor-post-type=\"page\">\n\t\t\t\t<div class=\"elementor-element elementor-element-aad58c6 e-flex e-con-boxed e-con e-parent\" data-id=\"aad58c6\" data-element_type=\"container\" data-e-type=\"container\" data-settings=\"{&quot;background_background&quot;:&quot;classic&quot;}\">\n\t\t\t\t\t<div class=\"e-con-inner\">\n\t\t\t\t\t<\/div>\n\t\t\t\t<\/div>\n\t\t<div class=\"elementor-element elementor-element-91d25a7 e-flex e-con-boxed e-con e-parent\" data-id=\"91d25a7\" data-element_type=\"container\" data-e-type=\"container\">\n\t\t\t\t\t<div class=\"e-con-inner\">\n\t\t\t\t<div class=\"elementor-element elementor-element-311a798 elementor-widget elementor-widget-heading\" data-id=\"311a798\" data-element_type=\"widget\" data-e-type=\"widget\" data-widget_type=\"heading.default\">\n\t\t\t\t<div class=\"elementor-widget-container\">\n\t\t\t\t\t<h2 class=\"elementor-heading-title elementor-size-default\">Condiciones de servicio de Warmline<\/h2>\t\t\t\t<\/div>\n\t\t\t\t<\/div>\n\t\t\t\t<div class=\"elementor-element elementor-element-2954d27 elementor-widget elementor-widget-text-editor\" data-id=\"2954d27\" data-element_type=\"widget\" data-e-type=\"widget\" data-widget_type=\"text-editor.default\">\n\t\t\t\t<div class=\"elementor-widget-container\">\n\t\t\t\t\t\t\t\t\t<p><span style=\"color: #000000;\"><strong>NMCAL Peer-to-Peer Warmline L\u00ednea de texto\u00a0<\/strong><strong>T\u00e9rminos, condiciones y declaraci\u00f3n de privacidad<\/strong><\/span><\/p><p><span style=\"color: #000000;\">EL USO DE ESTE SERVICIO EST\u00c1 SUJETO A ESTAS CONDICIONES Por favor, lea la siguiente declaraci\u00f3n antes de utilizar este servicio:<\/span><\/p><p><span style=\"color: #000000;\">Al utilizar la Warmline Peer-to-Peer, operada por ProtoCall Services, usted acepta los t\u00e9rminos aqu\u00ed descritos. Esta declaraci\u00f3n puede ser modificada de vez en cuando. Cualquier cambio ser\u00e1 efectivo inmediatamente despu\u00e9s de su publicaci\u00f3n. Cada vez que acceda a este servicio se le presentar\u00e1n los t\u00e9rminos, condiciones y declaraci\u00f3n de privacidad actuales.<\/span><\/p><p><span style=\"color: #000000;\">SU PARTICIPACI\u00d3N EN EL TEXTO WARMLINE NO CONSTITUYE ATENCI\u00d3N O TRATAMIENTO DE SALUD MENTAL NI UNA RELACI\u00d3N ABOGADO-CLIENTE, TERAPEUTA-PACIENTE O CUALQUIER OTRO TIPO DE RELACI\u00d3N CONFIDENCIAL. ESTE SERVICIO NO SUSTITUYE LA ATENCI\u00d3N SANITARIA PROFESIONAL. SI CREE QUE EST\u00c1 SUFRIENDO UNA EMERGENCIA M\u00c9DICA, LLAME INMEDIATAMENTE A SU M\u00c9DICO O AL 911.<\/span><\/p><p><span style=\"color: #000000;\">ProtoCall Services, Inc. y cualquiera de sus empleados o agentes no son responsables de ninguna decisi\u00f3n, o de los resultados de las decisiones que usted tome mientras, como resultado de, o despu\u00e9s de participar en Warmline Text. Esto incluye si usted decide buscar, o no buscar, atenci\u00f3n profesional, o modificar o terminar un tratamiento espec\u00edfico que est\u00e9 recibiendo actualmente bas\u00e1ndose en la informaci\u00f3n proporcionada por este servicio. Usted asume todos los riesgos derivados del uso de este servicio. ProtoCall Services, Inc. y cualquiera de sus empleados o agentes no tienen ninguna responsabilidad por las acciones tomadas por usted o un tercero, o no tomadas por usted o un tercero, y usted se compromete a indemnizarnos y mantenernos indemnes por da\u00f1os y perjuicios derivados de la informaci\u00f3n proporcionada a trav\u00e9s de este servicio. Sin perjuicio de lo anterior, en ning\u00fan caso ProtoCall Services, Inc. ser\u00e1 responsable de ning\u00fan da\u00f1o especial, incidental, consecuente o indirecto. Este servicio se proporciona \"tal cual\" y \"seg\u00fan disponibilidad\". ProtoCall Services, Inc. renuncia expresamente a toda garant\u00eda de cualquier tipo, ya sea expresa o impl\u00edcita, y no garantiza que el Warmline Text a) satisfaga sus necesidades; b) sea ininterrumpido, puntual, confidencial, seguro o libre de errores; o c) satisfaga sus expectativas.<\/span><\/p><p><span style=\"color: #000000;\"><strong>Privacidad y seguridad<\/strong><\/span><\/p><p><span style=\"color: #000000;\">Nos tomamos muy en serio su privacidad y seguridad. Disponemos de controles de seguridad, incluidos el cifrado y la autenticaci\u00f3n, para garantizar la protecci\u00f3n de su informaci\u00f3n. Cualquier informaci\u00f3n que nos proporcione o que recopilemos sobre usted no ser\u00e1 compartida ni revelada a terceros. No obstante, nos reservamos el derecho a revelar cualquier informaci\u00f3n personal a las autoridades a nuestra entera discreci\u00f3n y seg\u00fan lo exija la ley. A pesar de estas protecciones, Internet sigue siendo un entorno imperfectamente seguro, y ProtoCall Services, Inc. no puede garantizar la protecci\u00f3n contra intrusos o interceptores. Usted acepta utilizar este servicio y enviar informaci\u00f3n bajo su propia responsabilidad. Usted acepta que ProtoCall Services no tiene ninguna responsabilidad en relaci\u00f3n con el acceso no autorizado a este servicio por un tercero.<\/span><\/p><p><span style=\"color: #000000;\"><a style=\"color: #000000;\" href=\"https:\/\/nmcrisisline.com\/wp-content\/uploads\/2018\/11\/TextLineTerms.pdf\">Haga clic aqu\u00ed para descargar el PDF<\/a>.<\/span><\/p>\t\t\t\t\t\t\t\t<\/div>\n\t\t\t\t<\/div>\n\t\t\t\t\t<\/div>\n\t\t\t\t<\/div>\n\t\t\t\t<\/div>","protected":false},"excerpt":{"rendered":"<p>Warmline terms of service NMCAL Peer-to-Peer Warmline Text Line\u00a0Terms, Conditions and Privacy Statement USE OF THIS SERVICE IS BOUND BY THIS TERMS AND CONDITIONS Please read the following statement before using this service: By using the Peer-to-Peer Warmline, which is operated by ProtoCall Services, you agree to the terms described here. This statement may be [&hellip;]<\/p>\n","protected":false},"author":2,"featured_media":0,"parent":0,"menu_order":0,"comment_status":"closed","ping_status":"closed","template":"","meta":{"_acf_changed":false,"footnotes":""},"class_list":["post-806","page","type-page","status-publish","hentry"],"acf":[],"yoast_head":"<!-- This site is optimized with the Yoast SEO plugin v26.9 - https:\/\/yoast.com\/product\/yoast-seo-wordpress\/ -->\n<title>Warmline Terms of Service - NMCAL | New Mexico Crisis and Access Line<\/title>\n<meta name=\"robots\" content=\"index, follow, max-snippet:-1, max-image-preview:large, max-video-preview:-1\" \/>\n<link rel=\"canonical\" href=\"https:\/\/nmcrisisline.com\/es\/warmline-terms-of-service\/\" \/>\n<meta property=\"og:locale\" content=\"es_MX\" \/>\n<meta property=\"og:type\" content=\"article\" \/>\n<meta property=\"og:title\" content=\"Warmline Terms of Service - NMCAL | New Mexico Crisis and Access Line\" \/>\n<meta property=\"og:description\" content=\"Warmline terms of service NMCAL Peer-to-Peer Warmline Text Line\u00a0Terms, Conditions and Privacy Statement USE OF THIS SERVICE IS BOUND BY THIS TERMS AND CONDITIONS Please read the following statement before using this service: By using the Peer-to-Peer Warmline, which is operated by ProtoCall Services, you agree to the terms described here. This statement may be [&hellip;]\" \/>\n<meta property=\"og:url\" content=\"https:\/\/nmcrisisline.com\/es\/warmline-terms-of-service\/\" \/>\n<meta property=\"og:site_name\" content=\"NMCAL | New Mexico Crisis and Access Line\" \/>\n<meta property=\"article:publisher\" content=\"https:\/\/www.facebook.com\/nmcrisisline\" \/>\n<meta property=\"article:modified_time\" content=\"2025-03-03T22:08:43+00:00\" \/>\n<meta name=\"twitter:card\" content=\"summary_large_image\" \/>\n<meta name=\"twitter:label1\" content=\"Tiempo de lectura\" \/>\n\t<meta name=\"twitter:data1\" content=\"3 minutos\" \/>\n<script type=\"application\/ld+json\" class=\"yoast-schema-graph\">{\"@context\":\"https:\/\/schema.org\",\"@graph\":[{\"@type\":\"WebPage\",\"@id\":\"https:\/\/nmcrisisline.com\/es\/warmline-terms-of-service\/\",\"url\":\"https:\/\/nmcrisisline.com\/es\/warmline-terms-of-service\/\",\"name\":\"Warmline Terms of Service - NMCAL | New Mexico Crisis and Access Line\",\"isPartOf\":{\"@id\":\"https:\/\/nmcrisisline.com\/es\/#website\"},\"datePublished\":\"2025-03-03T22:03:24+00:00\",\"dateModified\":\"2025-03-03T22:08:43+00:00\",\"breadcrumb\":{\"@id\":\"https:\/\/nmcrisisline.com\/es\/warmline-terms-of-service\/#breadcrumb\"},\"inLanguage\":\"es\",\"potentialAction\":[{\"@type\":\"ReadAction\",\"target\":[\"https:\/\/nmcrisisline.com\/es\/warmline-terms-of-service\/\"]}]},{\"@type\":\"BreadcrumbList\",\"@id\":\"https:\/\/nmcrisisline.com\/es\/warmline-terms-of-service\/#breadcrumb\",\"itemListElement\":[{\"@type\":\"ListItem\",\"position\":1,\"name\":\"Home\",\"item\":\"https:\/\/nmcrisisline.com\/es\/\"},{\"@type\":\"ListItem\",\"position\":2,\"name\":\"Warmline Terms of Service\"}]},{\"@type\":\"WebSite\",\"@id\":\"https:\/\/nmcrisisline.com\/es\/#website\",\"url\":\"https:\/\/nmcrisisline.com\/es\/\",\"name\":\"New Mexico Crisis and Access Line\",\"description\":\"Mental health support you can trust\",\"publisher\":{\"@id\":\"https:\/\/nmcrisisline.com\/es\/#organization\"},\"potentialAction\":[{\"@type\":\"SearchAction\",\"target\":{\"@type\":\"EntryPoint\",\"urlTemplate\":\"https:\/\/nmcrisisline.com\/es\/?s={search_term_string}\"},\"query-input\":{\"@type\":\"PropertyValueSpecification\",\"valueRequired\":true,\"valueName\":\"search_term_string\"}}],\"inLanguage\":\"es\"},{\"@type\":\"Organization\",\"@id\":\"https:\/\/nmcrisisline.com\/es\/#organization\",\"name\":\"New Mexico Crisis and Access Line\",\"url\":\"https:\/\/nmcrisisline.com\/es\/\",\"logo\":{\"@type\":\"ImageObject\",\"inLanguage\":\"es\",\"@id\":\"https:\/\/nmcrisisline.com\/es\/#\/schema\/logo\/image\/\",\"url\":\"https:\/\/nmcrisisline.com\/wp-content\/uploads\/2024\/12\/NMCAL-and-988-Logo.png\",\"contentUrl\":\"https:\/\/nmcrisisline.com\/wp-content\/uploads\/2024\/12\/NMCAL-and-988-Logo.png\",\"width\":5005,\"height\":5005,\"caption\":\"New Mexico Crisis and Access Line\"},\"image\":{\"@id\":\"https:\/\/nmcrisisline.com\/es\/#\/schema\/logo\/image\/\"},\"sameAs\":[\"https:\/\/www.facebook.com\/nmcrisisline\",\"https:\/\/www.instagram.com\/nmcrisisline\/\"]}]}<\/script>\n<!-- \/ Yoast SEO plugin. -->","yoast_head_json":{"title":"Warmline Terms of Service - NMCAL | New Mexico Crisis and Access Line","robots":{"index":"index","follow":"follow","max-snippet":"max-snippet:-1","max-image-preview":"max-image-preview:large","max-video-preview":"max-video-preview:-1"},"canonical":"https:\/\/nmcrisisline.com\/es\/warmline-terms-of-service\/","og_locale":"es_MX","og_type":"article","og_title":"Warmline Terms of Service - NMCAL | New Mexico Crisis and Access Line","og_description":"Warmline terms of service NMCAL Peer-to-Peer Warmline Text Line\u00a0Terms, Conditions and Privacy Statement USE OF THIS SERVICE IS BOUND BY THIS TERMS AND CONDITIONS Please read the following statement before using this service: By using the Peer-to-Peer Warmline, which is operated by ProtoCall Services, you agree to the terms described here. This statement may be [&hellip;]","og_url":"https:\/\/nmcrisisline.com\/es\/warmline-terms-of-service\/","og_site_name":"NMCAL | New Mexico Crisis and Access Line","article_publisher":"https:\/\/www.facebook.com\/nmcrisisline","article_modified_time":"2025-03-03T22:08:43+00:00","twitter_card":"summary_large_image","twitter_misc":{"Tiempo de lectura":"3 minutos"},"schema":{"@context":"https:\/\/schema.org","@graph":[{"@type":"WebPage","@id":"https:\/\/nmcrisisline.com\/es\/warmline-terms-of-service\/","url":"https:\/\/nmcrisisline.com\/es\/warmline-terms-of-service\/","name":"Warmline Terms of Service - NMCAL | New Mexico Crisis and Access Line","isPartOf":{"@id":"https:\/\/nmcrisisline.com\/es\/#website"},"datePublished":"2025-03-03T22:03:24+00:00","dateModified":"2025-03-03T22:08:43+00:00","breadcrumb":{"@id":"https:\/\/nmcrisisline.com\/es\/warmline-terms-of-service\/#breadcrumb"},"inLanguage":"es","potentialAction":[{"@type":"ReadAction","target":["https:\/\/nmcrisisline.com\/es\/warmline-terms-of-service\/"]}]},{"@type":"BreadcrumbList","@id":"https:\/\/nmcrisisline.com\/es\/warmline-terms-of-service\/#breadcrumb","itemListElement":[{"@type":"ListItem","position":1,"name":"Home","item":"https:\/\/nmcrisisline.com\/es\/"},{"@type":"ListItem","position":2,"name":"Warmline Terms of Service"}]},{"@type":"WebSite","@id":"https:\/\/nmcrisisline.com\/es\/#website","url":"https:\/\/nmcrisisline.com\/es\/","name":"L\u00ednea de Crisis y Acceso de Nuevo M\u00e9xico","description":"Apoyo a la salud mental en el que puede confiar","publisher":{"@id":"https:\/\/nmcrisisline.com\/es\/#organization"},"potentialAction":[{"@type":"SearchAction","target":{"@type":"EntryPoint","urlTemplate":"https:\/\/nmcrisisline.com\/es\/?s={search_term_string}"},"query-input":{"@type":"PropertyValueSpecification","valueRequired":true,"valueName":"search_term_string"}}],"inLanguage":"es"},{"@type":"Organization","@id":"https:\/\/nmcrisisline.com\/es\/#organization","name":"L\u00ednea de Crisis y Acceso de Nuevo M\u00e9xico","url":"https:\/\/nmcrisisline.com\/es\/","logo":{"@type":"ImageObject","inLanguage":"es","@id":"https:\/\/nmcrisisline.com\/es\/#\/schema\/logo\/image\/","url":"https:\/\/nmcrisisline.com\/wp-content\/uploads\/2024\/12\/NMCAL-and-988-Logo.png","contentUrl":"https:\/\/nmcrisisline.com\/wp-content\/uploads\/2024\/12\/NMCAL-and-988-Logo.png","width":5005,"height":5005,"caption":"New Mexico Crisis and Access Line"},"image":{"@id":"https:\/\/nmcrisisline.com\/es\/#\/schema\/logo\/image\/"},"sameAs":["https:\/\/www.facebook.com\/nmcrisisline","https:\/\/www.instagram.com\/nmcrisisline\/"]}]}},"_links":{"self":[{"href":"https:\/\/nmcrisisline.com\/es\/wp-json\/wp\/v2\/pages\/806","targetHints":{"allow":["GET"]}}],"collection":[{"href":"https:\/\/nmcrisisline.com\/es\/wp-json\/wp\/v2\/pages"}],"about":[{"href":"https:\/\/nmcrisisline.com\/es\/wp-json\/wp\/v2\/types\/page"}],"author":[{"embeddable":true,"href":"https:\/\/nmcrisisline.com\/es\/wp-json\/wp\/v2\/users\/2"}],"replies":[{"embeddable":true,"href":"https:\/\/nmcrisisline.com\/es\/wp-json\/wp\/v2\/comments?post=806"}],"version-history":[{"count":10,"href":"https:\/\/nmcrisisline.com\/es\/wp-json\/wp\/v2\/pages\/806\/revisions"}],"predecessor-version":[{"id":817,"href":"https:\/\/nmcrisisline.com\/es\/wp-json\/wp\/v2\/pages\/806\/revisions\/817"}],"wp:attachment":[{"href":"https:\/\/nmcrisisline.com\/es\/wp-json\/wp\/v2\/media?parent=806"}],"curies":[{"name":"la hora de","href":"https:\/\/api.w.org\/{rel}","templated":true}]}}