{"id":795,"date":"2025-03-03T15:01:39","date_gmt":"2025-03-03T22:01:39","guid":{"rendered":"https:\/\/website.nmcrisisline.com\/?page_id=795"},"modified":"2025-03-03T15:09:22","modified_gmt":"2025-03-03T22:09:22","slug":"privacy-policy","status":"publish","type":"page","link":"https:\/\/nmcrisisline.com\/es\/privacy-policy\/","title":{"rendered":"Pol\u00edtica de privacidad"},"content":{"rendered":"<div data-elementor-type=\"wp-page\" data-elementor-id=\"795\" class=\"elementor elementor-795\" data-elementor-post-type=\"page\">\n\t\t\t\t<div class=\"elementor-element elementor-element-1ea64a4 e-flex e-con-boxed e-con e-parent\" data-id=\"1ea64a4\" data-element_type=\"container\" data-e-type=\"container\" data-settings=\"{&quot;background_background&quot;:&quot;classic&quot;}\">\n\t\t\t\t\t<div class=\"e-con-inner\">\n\t\t\t\t\t<\/div>\n\t\t\t\t<\/div>\n\t\t<div class=\"elementor-element elementor-element-5db8a4f e-flex e-con-boxed e-con e-parent\" data-id=\"5db8a4f\" data-element_type=\"container\" data-e-type=\"container\">\n\t\t\t\t\t<div class=\"e-con-inner\">\n\t\t\t\t<div class=\"elementor-element elementor-element-46b4bfd elementor-widget elementor-widget-heading\" data-id=\"46b4bfd\" data-element_type=\"widget\" data-e-type=\"widget\" data-widget_type=\"heading.default\">\n\t\t\t\t<div class=\"elementor-widget-container\">\n\t\t\t\t\t<h2 class=\"elementor-heading-title elementor-size-default\">Pol\u00edtica de privacidad<\/h2>\t\t\t\t<\/div>\n\t\t\t\t<\/div>\n\t\t\t\t\t<\/div>\n\t\t\t\t<\/div>\n\t\t<div class=\"elementor-element elementor-element-aedc5f7 e-flex e-con-boxed e-con e-parent\" data-id=\"aedc5f7\" data-element_type=\"container\" data-e-type=\"container\">\n\t\t\t\t\t<div class=\"e-con-inner\">\n\t\t\t\t<div class=\"elementor-element elementor-element-4a6b648 elementor-widget elementor-widget-text-editor\" data-id=\"4a6b648\" data-element_type=\"widget\" data-e-type=\"widget\" data-widget_type=\"text-editor.default\">\n\t\t\t\t<div class=\"elementor-widget-container\">\n\t\t\t\t\t\t\t\t\t<p>1 de julio de 2024<\/p><p>Bienvenido a la Pol\u00edtica de Privacidad de Protocall Services, Inc. Pol\u00edtica de Privacidad (\"Pol\u00edtica\").  Por favor, lea atentamente esta Pol\u00edtica porque rige la forma en que protegemos su privacidad.  Si usted descarga, instala, accede o utiliza nuestros sitios web incluyendo protocallservices.com, welltrack.com, welltrack-boost.com, welltrack-connect.com, nmcrisisline.com, y nuestras aplicaciones m\u00f3viles Welltrack Boost y NM Connect, nuestra L\u00ednea de Crisis y Acceso de Nuevo M\u00e9xico (NMCAL), New Mexico Peer to Peer Warmline o cualquier tercero (nuestros \"Servicios\"), usted estar\u00e1 obligado inmediatamente por esta Pol\u00edtica.<\/p><p><strong>\u00bfQui\u00e9n est\u00e1 cubierto por esta pol\u00edtica de privacidad?<\/strong><\/p><p>Esta Pol\u00edtica se aplica a cualquier persona mayor de 13 a\u00f1os que descargue, instale, acceda o utilice nuestros Servicios o que acepte nuestras Condiciones de uso (\"Condiciones\").<\/p><p><strong>\u00bfQu\u00e9 informaci\u00f3n se recoge, almacena, utiliza o transfiere?<\/strong><\/p><p>Podemos recopilar, almacenar, utilizar o transferir la siguiente Informaci\u00f3n Personal que recibimos de usted o de terceros:<\/p><ul><li>informaci\u00f3n de identificaci\u00f3n personal, incluidos, entre otros, su nombre, direcci\u00f3n f\u00edsica, direcci\u00f3n de correo electr\u00f3nico y n\u00famero de tel\u00e9fono.<\/li><li>datos demogr\u00e1ficos, incluidos, entre otros, el sexo, el g\u00e9nero y la fecha de nacimiento;<\/li><li>informaci\u00f3n sanitaria, incluidos historiales m\u00e9dicos personales, declaraciones y admisiones;<\/li><li>informaci\u00f3n sobre seguros;<\/li><li>datos financieros de cualquier tarjeta de pago que env\u00ede a nuestros Servicios o cualquier transacci\u00f3n o pago que pueda completar o intentar completar en o a trav\u00e9s de nuestros Servicios;<\/li><li>datos de geolocalizaci\u00f3n, incluidos, entre otros, su proveedor de servicios de Internet (\"PSI\") y las direcciones del protocolo de Internet (\"IP\");<\/li><li>informaci\u00f3n sobre el dispositivo, incluidos, entre otros, la marca, el tipo, el n\u00famero de serie, el software y el operador;<\/li><li>informaci\u00f3n sobre preferencias personales, incluidos, entre otros, el tipo de navegador, la preferencia de idioma, los sitios a los que se remite, las balizas web y las cookies de usuario; y<\/li><li>informaci\u00f3n sobre su acceso y uso de nuestros Servicios, incluidos, entre otros, los elementos a los que accede y la fecha, hora y duraci\u00f3n de su acceso.<\/li><\/ul><p><strong>\u00bfC\u00f3mo se protege esta informaci\u00f3n?<\/strong><\/p><p>S\u00f3lo divulgaremos sus Datos Personales para prestar o mejorar nuestros Servicios, responder a sus solicitudes o comentarios, proteger su seguridad o la seguridad de otras personas contra el riesgo de sufrir da\u00f1os mentales o f\u00edsicos graves, proteger nuestros derechos o cumplir la legislaci\u00f3n aplicable o cualquier orden gubernamental.  S\u00f3lo divulgaremos su Informaci\u00f3n Personal de forma agregada y no identificable, o si creemos que es necesario hacer otra cosa, s\u00f3lo divulgaremos la informaci\u00f3n m\u00ednima necesaria y tomaremos medidas comercialmente razonables para notific\u00e1rselo si est\u00e1 legalmente permitido.  No revelaremos su informaci\u00f3n para la venta sin su consentimiento.  Podemos revelar informaci\u00f3n personal a empleados, agentes o terceros si dichos empleados, agentes o terceros han acordado expresamente por escrito no revelar su informaci\u00f3n personal excepto de acuerdo con esta pol\u00edtica.<\/p><p>Si nos fusionamos, somos adquiridos o comprados, en su totalidad o en parte, por cualquier motivo, exigiremos a cualquier parte que se fusione, adquiera o compre que acepte utilizar medidas de privacidad comercialmente razonables para proteger su Informaci\u00f3n Personal y que tome medidas comercialmente razonables para notificarle si su Informaci\u00f3n Personal pasa a estar sujeta a una parte o pol\u00edtica de privacidad diferente.  No obstante, usted acepta que cualquier parte que se fusione, adquiera o compre pueda seguir recopilando, almacenando y utilizando sus Datos Personales de acuerdo con esta Pol\u00edtica.<\/p><p>S\u00f3lo permitiremos la transferencia de sus Datos Personales a trav\u00e9s de fronteras internacionales si podemos garantizar que la transferencia se ajusta a las normas del Reglamento General de Protecci\u00f3n de Datos de la Uni\u00f3n Europea (\"GDPR\").<\/p><p>Podemos enviarle solicitudes de comentarios sobre nuestros Servicios, a menos que usted opte por no hacerlo.  No divulgaremos ninguna informaci\u00f3n personal contenida en sus respuestas u opiniones, salvo de conformidad con la presente Pol\u00edtica.<\/p><p>No ofrecemos nuestros Servicios a menores de 13 a\u00f1os (\"menores\").  No solicitamos ni recopilamos conscientemente Datos Personales de menores, y no alojaremos conscientemente sitios de terceros ni proporcionaremos enlaces a sitios de terceros que soliciten o recopilen Datos Personales de menores.  Si nos enteramos de que hemos recibido informaci\u00f3n personal de un menor, la eliminaremos.<\/p><p><strong>\u00bfQu\u00e9 no cubre esta p\u00f3liza?<\/strong><\/p><p>Esta Pol\u00edtica de Privacidad no cubre las pr\u00e1cticas de privacidad de terceros y no protege la Informaci\u00f3n Personal recogida, almacenada o utilizada por terceros.  No nos hacemos responsables de los contenidos de terceros disponibles en nuestros Servicios o a trav\u00e9s de ellos, incluidos los enlaces a productos o servicios de terceros o los anuncios de los mismos.<\/p><p><strong>\u00bfC\u00f3mo puedo acceder, actualizar o eliminar mis datos personales?<\/strong><\/p><p><strong>\u00a0<\/strong><\/p><p>Para acceder a sus Datos Personales, actualizarlos, recibirlos o eliminarlos, puede enviar una solicitud a la direcci\u00f3n de correo electr\u00f3nico de contacto que figura a continuaci\u00f3n.  No podemos garantizar la rapidez con la que se atender\u00e1 su solicitud ni el alcance de la misma.  Si solicita que se eliminen sus Datos Personales, s\u00f3lo conservaremos los Datos Personales m\u00ednimos necesarios para prestar o mejorar nuestros Servicios, responder a sus solicitudes o comentarios, proteger su seguridad o la seguridad de otras personas contra el riesgo de sufrir da\u00f1os mentales o f\u00edsicos graves, proteger nuestros derechos o cumplir la legislaci\u00f3n aplicable o cualquier orden gubernamental.<\/p><p>Correo electr\u00f3nico: info@protocallservices.com<\/p><p><strong>\u00bfQu\u00e9 ocurre si se produce una violaci\u00f3n de mis datos personales?<\/strong><\/p><p><strong>\u00a0<\/strong><\/p><p>Si descubrimos que sus Datos Personales han sido violados por un tercero no autorizado, tomaremos las medidas comercialmente razonables para notific\u00e1rselo en o a trav\u00e9s de nuestros Servicios o por correo electr\u00f3nico, tal y como exige la ley.<\/p><p><strong>\u00a0<\/strong><\/p><p><strong>\u00bfQu\u00e9 m\u00e1s necesito saber?<\/strong><\/p><p>Podemos modificar esta Pol\u00edtica en cualquier momento y cualquier modificaci\u00f3n tendr\u00e1 efecto inmediato.  Si se modifica esta Pol\u00edtica, tomaremos medidas comercialmente razonables para notific\u00e1rselo en o a trav\u00e9s de nuestros Servicios o por correo electr\u00f3nico.  Si no est\u00e1 de acuerdo con la Pol\u00edtica modificada, no podr\u00e1 acceder a nuestros servicios.<\/p>\t\t\t\t\t\t\t\t<\/div>\n\t\t\t\t<\/div>\n\t\t\t\t\t<\/div>\n\t\t\t\t<\/div>\n\t\t\t\t<\/div>","protected":false},"excerpt":{"rendered":"<p>Privacy Policy July 1, 2024 Welcome to the Protocall Services, Inc. Privacy Policy (\u201cPolicy\u201d).\u00a0 Please read this Policy carefully because it governs how we protect your privacy.\u00a0 If you download, install, access, or use our websites including protocallservices.com, welltrack.com, welltrack-boost.com, welltrack-connect.com, nmcrisisline.com, and our mobile applications Welltrack Boost and NM Connect, \u00a0our New Mexico Crisis [&hellip;]<\/p>\n","protected":false},"author":2,"featured_media":0,"parent":0,"menu_order":0,"comment_status":"closed","ping_status":"closed","template":"","meta":{"_acf_changed":false,"footnotes":""},"class_list":["post-795","page","type-page","status-publish","hentry"],"acf":[],"yoast_head":"<!-- This site is optimized with the Yoast SEO plugin v26.9 - https:\/\/yoast.com\/product\/yoast-seo-wordpress\/ -->\n<title>Privacy Policy - NMCAL | New Mexico Crisis and Access Line<\/title>\n<meta name=\"robots\" content=\"index, follow, max-snippet:-1, max-image-preview:large, max-video-preview:-1\" \/>\n<link rel=\"canonical\" href=\"https:\/\/nmcrisisline.com\/es\/privacy-policy\/\" \/>\n<meta property=\"og:locale\" content=\"es_MX\" \/>\n<meta property=\"og:type\" content=\"article\" \/>\n<meta property=\"og:title\" content=\"Privacy Policy - NMCAL | New Mexico Crisis and Access Line\" \/>\n<meta property=\"og:description\" content=\"Privacy Policy July 1, 2024 Welcome to the Protocall Services, Inc. Privacy Policy (\u201cPolicy\u201d).\u00a0 Please read this Policy carefully because it governs how we protect your privacy.\u00a0 If you download, install, access, or use our websites including protocallservices.com, welltrack.com, welltrack-boost.com, welltrack-connect.com, nmcrisisline.com, and our mobile applications Welltrack Boost and NM Connect, \u00a0our New Mexico Crisis [&hellip;]\" \/>\n<meta property=\"og:url\" content=\"https:\/\/nmcrisisline.com\/es\/privacy-policy\/\" \/>\n<meta property=\"og:site_name\" content=\"NMCAL | New Mexico Crisis and Access Line\" \/>\n<meta property=\"article:publisher\" content=\"https:\/\/www.facebook.com\/nmcrisisline\" \/>\n<meta property=\"article:modified_time\" content=\"2025-03-03T22:09:22+00:00\" \/>\n<meta name=\"twitter:card\" content=\"summary_large_image\" \/>\n<meta name=\"twitter:label1\" content=\"Tiempo de lectura\" \/>\n\t<meta name=\"twitter:data1\" content=\"4 minutos\" \/>\n<script type=\"application\/ld+json\" class=\"yoast-schema-graph\">{\"@context\":\"https:\/\/schema.org\",\"@graph\":[{\"@type\":\"WebPage\",\"@id\":\"https:\/\/nmcrisisline.com\/es\/privacy-policy\/\",\"url\":\"https:\/\/nmcrisisline.com\/es\/privacy-policy\/\",\"name\":\"Privacy Policy - NMCAL | New Mexico Crisis and Access Line\",\"isPartOf\":{\"@id\":\"https:\/\/nmcrisisline.com\/es\/#website\"},\"datePublished\":\"2025-03-03T22:01:39+00:00\",\"dateModified\":\"2025-03-03T22:09:22+00:00\",\"breadcrumb\":{\"@id\":\"https:\/\/nmcrisisline.com\/es\/privacy-policy\/#breadcrumb\"},\"inLanguage\":\"es\",\"potentialAction\":[{\"@type\":\"ReadAction\",\"target\":[\"https:\/\/nmcrisisline.com\/es\/privacy-policy\/\"]}]},{\"@type\":\"BreadcrumbList\",\"@id\":\"https:\/\/nmcrisisline.com\/es\/privacy-policy\/#breadcrumb\",\"itemListElement\":[{\"@type\":\"ListItem\",\"position\":1,\"name\":\"Home\",\"item\":\"https:\/\/nmcrisisline.com\/es\/\"},{\"@type\":\"ListItem\",\"position\":2,\"name\":\"Privacy Policy\"}]},{\"@type\":\"WebSite\",\"@id\":\"https:\/\/nmcrisisline.com\/es\/#website\",\"url\":\"https:\/\/nmcrisisline.com\/es\/\",\"name\":\"New Mexico Crisis and Access Line\",\"description\":\"Mental health support you can trust\",\"publisher\":{\"@id\":\"https:\/\/nmcrisisline.com\/es\/#organization\"},\"potentialAction\":[{\"@type\":\"SearchAction\",\"target\":{\"@type\":\"EntryPoint\",\"urlTemplate\":\"https:\/\/nmcrisisline.com\/es\/?s={search_term_string}\"},\"query-input\":{\"@type\":\"PropertyValueSpecification\",\"valueRequired\":true,\"valueName\":\"search_term_string\"}}],\"inLanguage\":\"es\"},{\"@type\":\"Organization\",\"@id\":\"https:\/\/nmcrisisline.com\/es\/#organization\",\"name\":\"New Mexico Crisis and Access Line\",\"url\":\"https:\/\/nmcrisisline.com\/es\/\",\"logo\":{\"@type\":\"ImageObject\",\"inLanguage\":\"es\",\"@id\":\"https:\/\/nmcrisisline.com\/es\/#\/schema\/logo\/image\/\",\"url\":\"https:\/\/nmcrisisline.com\/wp-content\/uploads\/2024\/12\/NMCAL-and-988-Logo.png\",\"contentUrl\":\"https:\/\/nmcrisisline.com\/wp-content\/uploads\/2024\/12\/NMCAL-and-988-Logo.png\",\"width\":5005,\"height\":5005,\"caption\":\"New Mexico Crisis and Access Line\"},\"image\":{\"@id\":\"https:\/\/nmcrisisline.com\/es\/#\/schema\/logo\/image\/\"},\"sameAs\":[\"https:\/\/www.facebook.com\/nmcrisisline\",\"https:\/\/www.instagram.com\/nmcrisisline\/\"]}]}<\/script>\n<!-- \/ Yoast SEO plugin. -->","yoast_head_json":{"title":"Privacy Policy - NMCAL | New Mexico Crisis and Access Line","robots":{"index":"index","follow":"follow","max-snippet":"max-snippet:-1","max-image-preview":"max-image-preview:large","max-video-preview":"max-video-preview:-1"},"canonical":"https:\/\/nmcrisisline.com\/es\/privacy-policy\/","og_locale":"es_MX","og_type":"article","og_title":"Privacy Policy - NMCAL | New Mexico Crisis and Access Line","og_description":"Privacy Policy July 1, 2024 Welcome to the Protocall Services, Inc. Privacy Policy (\u201cPolicy\u201d).\u00a0 Please read this Policy carefully because it governs how we protect your privacy.\u00a0 If you download, install, access, or use our websites including protocallservices.com, welltrack.com, welltrack-boost.com, welltrack-connect.com, nmcrisisline.com, and our mobile applications Welltrack Boost and NM Connect, \u00a0our New Mexico Crisis [&hellip;]","og_url":"https:\/\/nmcrisisline.com\/es\/privacy-policy\/","og_site_name":"NMCAL | New Mexico Crisis and Access Line","article_publisher":"https:\/\/www.facebook.com\/nmcrisisline","article_modified_time":"2025-03-03T22:09:22+00:00","twitter_card":"summary_large_image","twitter_misc":{"Tiempo de lectura":"4 minutos"},"schema":{"@context":"https:\/\/schema.org","@graph":[{"@type":"WebPage","@id":"https:\/\/nmcrisisline.com\/es\/privacy-policy\/","url":"https:\/\/nmcrisisline.com\/es\/privacy-policy\/","name":"Privacy Policy - NMCAL | New Mexico Crisis and Access Line","isPartOf":{"@id":"https:\/\/nmcrisisline.com\/es\/#website"},"datePublished":"2025-03-03T22:01:39+00:00","dateModified":"2025-03-03T22:09:22+00:00","breadcrumb":{"@id":"https:\/\/nmcrisisline.com\/es\/privacy-policy\/#breadcrumb"},"inLanguage":"es","potentialAction":[{"@type":"ReadAction","target":["https:\/\/nmcrisisline.com\/es\/privacy-policy\/"]}]},{"@type":"BreadcrumbList","@id":"https:\/\/nmcrisisline.com\/es\/privacy-policy\/#breadcrumb","itemListElement":[{"@type":"ListItem","position":1,"name":"Home","item":"https:\/\/nmcrisisline.com\/es\/"},{"@type":"ListItem","position":2,"name":"Privacy Policy"}]},{"@type":"WebSite","@id":"https:\/\/nmcrisisline.com\/es\/#website","url":"https:\/\/nmcrisisline.com\/es\/","name":"L\u00ednea de Crisis y Acceso de Nuevo M\u00e9xico","description":"Apoyo a la salud mental en el que puede confiar","publisher":{"@id":"https:\/\/nmcrisisline.com\/es\/#organization"},"potentialAction":[{"@type":"SearchAction","target":{"@type":"EntryPoint","urlTemplate":"https:\/\/nmcrisisline.com\/es\/?s={search_term_string}"},"query-input":{"@type":"PropertyValueSpecification","valueRequired":true,"valueName":"search_term_string"}}],"inLanguage":"es"},{"@type":"Organization","@id":"https:\/\/nmcrisisline.com\/es\/#organization","name":"L\u00ednea de Crisis y Acceso de Nuevo M\u00e9xico","url":"https:\/\/nmcrisisline.com\/es\/","logo":{"@type":"ImageObject","inLanguage":"es","@id":"https:\/\/nmcrisisline.com\/es\/#\/schema\/logo\/image\/","url":"https:\/\/nmcrisisline.com\/wp-content\/uploads\/2024\/12\/NMCAL-and-988-Logo.png","contentUrl":"https:\/\/nmcrisisline.com\/wp-content\/uploads\/2024\/12\/NMCAL-and-988-Logo.png","width":5005,"height":5005,"caption":"New Mexico Crisis and Access Line"},"image":{"@id":"https:\/\/nmcrisisline.com\/es\/#\/schema\/logo\/image\/"},"sameAs":["https:\/\/www.facebook.com\/nmcrisisline","https:\/\/www.instagram.com\/nmcrisisline\/"]}]}},"_links":{"self":[{"href":"https:\/\/nmcrisisline.com\/es\/wp-json\/wp\/v2\/pages\/795","targetHints":{"allow":["GET"]}}],"collection":[{"href":"https:\/\/nmcrisisline.com\/es\/wp-json\/wp\/v2\/pages"}],"about":[{"href":"https:\/\/nmcrisisline.com\/es\/wp-json\/wp\/v2\/types\/page"}],"author":[{"embeddable":true,"href":"https:\/\/nmcrisisline.com\/es\/wp-json\/wp\/v2\/users\/2"}],"replies":[{"embeddable":true,"href":"https:\/\/nmcrisisline.com\/es\/wp-json\/wp\/v2\/comments?post=795"}],"version-history":[{"count":13,"href":"https:\/\/nmcrisisline.com\/es\/wp-json\/wp\/v2\/pages\/795\/revisions"}],"predecessor-version":[{"id":820,"href":"https:\/\/nmcrisisline.com\/es\/wp-json\/wp\/v2\/pages\/795\/revisions\/820"}],"wp:attachment":[{"href":"https:\/\/nmcrisisline.com\/es\/wp-json\/wp\/v2\/media?parent=795"}],"curies":[{"name":"la hora de","href":"https:\/\/api.w.org\/{rel}","templated":true}]}}