{"id":42,"date":"2025-02-06T15:39:21","date_gmt":"2025-02-06T22:39:21","guid":{"rendered":"https:\/\/website.nmcrisisline.com\/?page_id=42"},"modified":"2026-02-17T19:13:47","modified_gmt":"2026-02-18T02:13:47","slug":"resources","status":"publish","type":"page","link":"https:\/\/nmcrisisline.com\/es\/resources\/","title":{"rendered":"Recursos"},"content":{"rendered":"<div data-elementor-type=\"wp-page\" data-elementor-id=\"42\" class=\"elementor elementor-42\" data-elementor-post-type=\"page\">\n\t\t\t\t<main class=\"elementor-element elementor-element-a920bff e-con-full e-flex e-con e-parent\" data-id=\"a920bff\" data-element_type=\"container\" data-e-type=\"container\" data-settings=\"{&quot;background_background&quot;:&quot;classic&quot;}\">\n\t\t<div class=\"elementor-element elementor-element-020a674 e-con-full e-flex e-con e-child\" data-id=\"020a674\" data-element_type=\"container\" data-e-type=\"container\" data-settings=\"{&quot;background_background&quot;:&quot;classic&quot;}\">\n\t\t\t\t<div class=\"elementor-element elementor-element-cdb826c elementor-widget elementor-widget-text-editor\" data-id=\"cdb826c\" data-element_type=\"widget\" data-e-type=\"widget\" data-widget_type=\"text-editor.default\">\n\t\t\t\t<div class=\"elementor-widget-container\">\n\t\t\t\t\t\t\t\t\t<h1>Recursos<\/h1><p><span style=\"font-weight: 400;\">Encontrar el apoyo adecuado deber\u00eda ser f\u00e1cil. Por eso ofrecemos diversos recursos para ayudar a las personas, las familias y los proveedores a encontrar la atenci\u00f3n que necesitan. Tanto si busca servicios de salud mental, apoyo para la recuperaci\u00f3n, intervenci\u00f3n en crisis o herramientas de autocuidado, estamos aqu\u00ed para guiarle.<\/span><\/p>\t\t\t\t\t\t\t\t<\/div>\n\t\t\t\t<\/div>\n\t\t\t\t<\/div>\n\t\t<div class=\"elementor-element elementor-element-aab7e0c e-con-full e-flex e-con e-child\" data-id=\"aab7e0c\" data-element_type=\"container\" data-e-type=\"container\" data-settings=\"{&quot;background_background&quot;:&quot;classic&quot;}\">\n\t\t\t\t<\/div>\n\t\t<div class=\"elementor-element elementor-element-3688b99 e-con-full e-flex e-con e-child\" data-id=\"3688b99\" data-element_type=\"container\" data-e-type=\"container\" data-settings=\"{&quot;background_background&quot;:&quot;classic&quot;}\">\n\t\t\t\t<\/div>\n\t\t<div class=\"elementor-element elementor-element-614aad9 e-con-full e-flex e-con e-child\" data-id=\"614aad9\" data-element_type=\"container\" data-e-type=\"container\" data-settings=\"{&quot;background_background&quot;:&quot;classic&quot;}\">\n\t\t\t\t<div class=\"elementor-element elementor-element-336dd09 elementor-align-justify ef-button efc-sub elementor-widget elementor-widget-button\" data-id=\"336dd09\" data-element_type=\"widget\" data-e-type=\"widget\" data-widget_type=\"button.default\">\n\t\t\t\t<div class=\"elementor-widget-container\">\n\t\t\t\t\t\t\t\t\t<div class=\"elementor-button-wrapper\">\n\t\t\t\t\t<a class=\"elementor-button elementor-button-link elementor-size-sm\" href=\"#\">\n\t\t\t\t\t\t<span class=\"elementor-button-content-wrapper\">\n\t\t\t\t\t\t\t\t\t<span class=\"elementor-button-text\">Substance Use Programs &amp; Information<\/span>\n\t\t\t\t\t<\/span>\n\t\t\t\t\t<\/a>\n\t\t\t\t<\/div>\n\t\t\t\t\t\t\t\t<\/div>\n\t\t\t\t<\/div>\n\t\t\t\t<\/div>\n\t\t<div class=\"elementor-element elementor-element-3b71bf2 e-con-full e-flex e-con e-child\" data-id=\"3b71bf2\" data-element_type=\"container\" data-e-type=\"container\" data-settings=\"{&quot;background_background&quot;:&quot;classic&quot;}\">\n\t\t\t\t<div class=\"elementor-element elementor-element-a0786d6 elementor-align-justify ef-button efc-parents elementor-widget elementor-widget-button\" data-id=\"a0786d6\" data-element_type=\"widget\" data-e-type=\"widget\" data-widget_type=\"button.default\">\n\t\t\t\t<div class=\"elementor-widget-container\">\n\t\t\t\t\t\t\t\t\t<div class=\"elementor-button-wrapper\">\n\t\t\t\t\t<a class=\"elementor-button elementor-button-link elementor-size-sm\" href=\"#\">\n\t\t\t\t\t\t<span class=\"elementor-button-content-wrapper\">\n\t\t\t\t\t\t\t\t\t<span class=\"elementor-button-text\"> Parents, Children, Youth &amp; Young Adult Services<\/span>\n\t\t\t\t\t<\/span>\n\t\t\t\t\t<\/a>\n\t\t\t\t<\/div>\n\t\t\t\t\t\t\t\t<\/div>\n\t\t\t\t<\/div>\n\t\t\t\t<\/div>\n\t\t<div class=\"elementor-element elementor-element-39ca6b0 e-con-full e-flex e-con e-child\" data-id=\"39ca6b0\" data-element_type=\"container\" data-e-type=\"container\" data-settings=\"{&quot;background_background&quot;:&quot;classic&quot;}\">\n\t\t\t\t<div class=\"elementor-element elementor-element-c33a006 elementor-align-justify ef-button efc-veterans elementor-widget elementor-widget-button\" data-id=\"c33a006\" data-element_type=\"widget\" data-e-type=\"widget\" data-widget_type=\"button.default\">\n\t\t\t\t<div class=\"elementor-widget-container\">\n\t\t\t\t\t\t\t\t\t<div class=\"elementor-button-wrapper\">\n\t\t\t\t\t<a class=\"elementor-button elementor-button-link elementor-size-sm\" href=\"#\">\n\t\t\t\t\t\t<span class=\"elementor-button-content-wrapper\">\n\t\t\t\t\t\t\t\t\t<span class=\"elementor-button-text\">Veteranos y militares<\/span>\n\t\t\t\t\t<\/span>\n\t\t\t\t\t<\/a>\n\t\t\t\t<\/div>\n\t\t\t\t\t\t\t\t<\/div>\n\t\t\t\t<\/div>\n\t\t\t\t<\/div>\n\t\t<div class=\"elementor-element elementor-element-0a9c38c e-con-full e-flex e-con e-child\" data-id=\"0a9c38c\" data-element_type=\"container\" data-e-type=\"container\" data-settings=\"{&quot;background_background&quot;:&quot;classic&quot;}\">\n\t\t\t\t<div class=\"elementor-element elementor-element-98c870d elementor-align-justify ef-button efc-aging elementor-widget elementor-widget-button\" data-id=\"98c870d\" data-element_type=\"widget\" data-e-type=\"widget\" data-widget_type=\"button.default\">\n\t\t\t\t<div class=\"elementor-widget-container\">\n\t\t\t\t\t\t\t\t\t<div class=\"elementor-button-wrapper\">\n\t\t\t\t\t<a class=\"elementor-button elementor-button-link elementor-size-sm\" href=\"#\">\n\t\t\t\t\t\t<span class=\"elementor-button-content-wrapper\">\n\t\t\t\t\t\t\t\t\t<span class=\"elementor-button-text\">Aging Adults &amp; Adults With Disabilities<\/span>\n\t\t\t\t\t<\/span>\n\t\t\t\t\t<\/a>\n\t\t\t\t<\/div>\n\t\t\t\t\t\t\t\t<\/div>\n\t\t\t\t<\/div>\n\t\t\t\t<\/div>\n\t\t<div class=\"elementor-element elementor-element-faef9b5 e-con-full e-flex e-con e-child\" data-id=\"faef9b5\" data-element_type=\"container\" data-e-type=\"container\" data-settings=\"{&quot;background_background&quot;:&quot;classic&quot;}\">\n\t\t\t\t<div class=\"elementor-element elementor-element-13412da elementor-align-justify ef-button efc-health elementor-widget elementor-widget-button\" data-id=\"13412da\" data-element_type=\"widget\" data-e-type=\"widget\" data-widget_type=\"button.default\">\n\t\t\t\t<div class=\"elementor-widget-container\">\n\t\t\t\t\t\t\t\t\t<div class=\"elementor-button-wrapper\">\n\t\t\t\t\t<a class=\"elementor-button elementor-button-link elementor-size-sm\" href=\"#\">\n\t\t\t\t\t\t<span class=\"elementor-button-content-wrapper\">\n\t\t\t\t\t\t\t\t\t<span class=\"elementor-button-text\">Health &amp; Human Services<\/span>\n\t\t\t\t\t<\/span>\n\t\t\t\t\t<\/a>\n\t\t\t\t<\/div>\n\t\t\t\t\t\t\t\t<\/div>\n\t\t\t\t<\/div>\n\t\t\t\t<\/div>\n\t\t<div class=\"elementor-element elementor-element-9f9e91b e-con-full e-flex e-con e-child\" data-id=\"9f9e91b\" data-element_type=\"container\" data-e-type=\"container\" data-settings=\"{&quot;background_background&quot;:&quot;classic&quot;}\">\n\t\t\t\t<\/div>\n\t\t\t\t<\/main>\n\t\t<div class=\"elementor-element elementor-element-e013639 ef-area e-flex e-con-boxed e-con e-parent\" data-id=\"e013639\" data-element_type=\"container\" data-e-type=\"container\">\n\t\t\t\t\t<div class=\"e-con-inner\">\n\t\t<div class=\"elementor-element elementor-element-b6816d9 e-con-full efc-sub e-flex e-con e-child\" data-id=\"b6816d9\" data-element_type=\"container\" data-e-type=\"container\">\n\t\t\t\t<div class=\"elementor-element elementor-element-00efc3f elementor-widget elementor-widget-text-editor\" data-id=\"00efc3f\" data-element_type=\"widget\" data-e-type=\"widget\" data-widget_type=\"text-editor.default\">\n\t\t\t\t<div class=\"elementor-widget-container\">\n\t\t\t\t\t\t\t\t\t<p><a href=\"https:\/\/www.doseofreality.com\/\"><span style=\"font-weight: 400;\">Una dosis de realidad<\/span><span style=\"font-weight: 400;\"><br \/><\/span><\/a><span style=\"font-weight: 400;\">Aumenta la concienciaci\u00f3n sobre la prevenci\u00f3n, el tratamiento, la recuperaci\u00f3n y la salud conductual en materia de opi\u00e1ceos en Nuevo M\u00e9xico.<\/span><\/p><p><a href=\"https:\/\/findtreatment.gov\/\"><span style=\"font-weight: 400;\">Buscar tratamiento<\/span><\/a><br \/><span style=\"font-weight: 400;\">Una herramienta en l\u00ednea que utiliza filtros de b\u00fasqueda para encontrar lugares que se ajusten a necesidades espec\u00edficas, como tipos de tratamiento, grupos atendidos y disponibilidad de medicaci\u00f3n.<\/span><\/p><p><a href=\"https:\/\/www.narcotics.com\/na-meetings\/new-mexico\/\"><span style=\"font-weight: 400;\">Narc\u00f3ticos An\u00f3nimos<\/span><\/a><br \/><span style=\"font-weight: 400;\">Un programa de 12 pasos que ofrece a sus miembros un espacio seguro para compartir experiencias relacionadas con las drogas y proporcionarse mutuamente apoyo, \u00e1nimo y orientaci\u00f3n.<\/span><\/p><p><a href=\"https:\/\/nm5actions.com\/\" target=\"_blank\" rel=\"noopener\">Programa 5 Acciones de Nuevo M\u00e9xico<\/a><br \/>Una forma r\u00e1pida y eficaz de evaluar tus s\u00edntomas y comprender mejor el grado en que est\u00e1n afectando a tu vida. Las herramientas autoguiadas te ayudan a descubrir tu relaci\u00f3n con el alcohol y las drogas.<\/p><p><a href=\"https:\/\/drugfree.org\/get-support\/\"><span style=\"font-weight: 400;\">Asociaci\u00f3n para acabar con las adicciones<\/span><\/a><br \/><span style=\"font-weight: 400;\">Una comunidad diversa de investigadores, defensores, cl\u00ednicos y comunicadores que se centran en la prevenci\u00f3n, el tratamiento y la recuperaci\u00f3n de las adicciones.<\/span><\/p><p><a href=\"https:\/\/renewhealth.com\/\"><span style=\"font-weight: 400;\">Renew Health<\/span><\/a><br \/>Renew Health provides compassionate, evidence-based addiction treatment across New Mexico, including medical detox, in-person care, and telehealth services that meet people where they are and support lasting recovery.<\/p>\t\t\t\t\t\t\t\t<\/div>\n\t\t\t\t<\/div>\n\t\t\t\t<\/div>\n\t\t<div class=\"elementor-element elementor-element-2763660 e-con-full efc-parents e-flex e-con e-child\" data-id=\"2763660\" data-element_type=\"container\" data-e-type=\"container\">\n\t\t\t\t<div class=\"elementor-element elementor-element-3ac19e7 elementor-widget elementor-widget-text-editor\" data-id=\"3ac19e7\" data-element_type=\"widget\" data-e-type=\"widget\" data-widget_type=\"text-editor.default\">\n\t\t\t\t<div class=\"elementor-widget-container\">\n\t\t\t\t\t\t\t\t\t<p><a href=\"https:\/\/www.cyfd.nm.gov\/family-services\/\"><span style=\"font-weight: 400;\">Departamento de Infancia, Juventud y Familia<\/span><span style=\"font-weight: 400;\"><br \/><\/span><\/a><span style=\"font-weight: 400;\">Conecta a las familias con los recursos de sus comunidades y les presta servicios directos para ayudarles a mejorar su bienestar.<\/span><\/p><p><a href=\"https:\/\/www.cyfd.nm.gov\/reach-nm\/\">Reach NM<\/a><br \/>REACH NM offers a safe, highly accessible, peer support resource and supportive space for New Mexico youth to connect with an advocate to access the resources they need.<\/p><p><a href=\"https:\/\/www.ndnm.org\/about.html\"><span style=\"font-weight: 400;\">Nuevo d\u00eda<\/span><\/a><br \/><span style=\"font-weight: 400;\">Trabaja con j\u00f3venes de 11 a 25 a\u00f1os. Desarrolla servicios y ayudas que se ajustan a las diversas experiencias y necesidades de los j\u00f3venes, centr\u00e1ndose en la creaci\u00f3n de espacios que sean seguros y ayuden a los j\u00f3venes a sentirse vistos y honrados. Trabaja cada a\u00f1o con j\u00f3venes que sufren marginaci\u00f3n, desconexi\u00f3n y falta de hogar.<\/span><\/p><p><a href=\"https:\/\/www.hhs.gov\/programs\/index.html\"><span style=\"font-weight: 400;\">Departamento de Sanidad y Servicios Humanos (HHS)<\/span><\/a><br \/><span style=\"font-weight: 400;\">Los esfuerzos del gobierno federal para proporcionar a los estadounidenses servicios sanitarios y humanos eficaces y fomentando avances s\u00f3lidos y sostenidos en las ciencias subyacentes a la medicina, la salud p\u00fablica y los servicios sociales.<\/span><\/p><p><a href=\"https:\/\/www.lgbtnearme.org\/\"><span style=\"font-weight: 400;\">Centro Nacional de Ayuda LGBT<\/span><\/a><br \/><span style=\"font-weight: 400;\">Proporciona apoyo vital entre iguales, conexiones con la comunidad e informaci\u00f3n sobre recursos. Ofrece servicios de apoyo a personas con preguntas sobre orientaci\u00f3n sexual y\/o identidad y expresi\u00f3n de g\u00e9nero.<\/span><\/p>\t\t\t\t\t\t\t\t<\/div>\n\t\t\t\t<\/div>\n\t\t\t\t<\/div>\n\t\t<div class=\"elementor-element elementor-element-e997fe7 e-con-full efc-veterans e-flex e-con e-child\" data-id=\"e997fe7\" data-element_type=\"container\" data-e-type=\"container\">\n\t\t\t\t<div class=\"elementor-element elementor-element-55cf3dd elementor-widget elementor-widget-text-editor\" data-id=\"55cf3dd\" data-element_type=\"widget\" data-e-type=\"widget\" data-widget_type=\"text-editor.default\">\n\t\t\t\t<div class=\"elementor-widget-container\">\n\t\t\t\t\t\t\t\t\t<p><a href=\"https:\/\/www.va.gov\/\"><span style=\"font-weight: 400;\">VA.GOV<\/span><span style=\"font-weight: 400;\"><br \/><\/span><\/a><span style=\"font-weight: 400;\">Servicios de asistencia sanitaria y prestaciones para veteranos<\/span><\/p><p><a href=\"https:\/\/www.militaryonesource.mil\/\"><span style=\"font-weight: 400;\">Military OneSource<\/span><span style=\"font-weight: 400;\"><br \/><\/span><\/a><span style=\"font-weight: 400;\">Recursos para miembros del servicio activo, c\u00f3nyuges, familiares y supervivientes<\/span><\/p><p><a href=\"https:\/\/suicidepreventionlifeline.org\/help-yourself\/veterans\/\"><span style=\"font-weight: 400;\">988 Suicidio y Crisis Lifeline para Veteranos<\/span><span style=\"font-weight: 400;\"><br \/><\/span><\/a><span style=\"font-weight: 400;\">Veteranos y militares en crisis <\/span><\/p>\t\t\t\t\t\t\t\t<\/div>\n\t\t\t\t<\/div>\n\t\t\t\t<\/div>\n\t\t<div class=\"elementor-element elementor-element-aa8fd3d e-con-full efc-aging e-flex e-con e-child\" data-id=\"aa8fd3d\" data-element_type=\"container\" data-e-type=\"container\">\n\t\t\t\t<div class=\"elementor-element elementor-element-6ef545a elementor-widget elementor-widget-text-editor\" data-id=\"6ef545a\" data-element_type=\"widget\" data-e-type=\"widget\" data-widget_type=\"text-editor.default\">\n\t\t\t\t<div class=\"elementor-widget-container\">\n\t\t\t\t\t\t\t\t\t<p><a href=\"https:\/\/nmaging.state.nm.us\/services\/senior-services\"><span style=\"font-weight: 400;\">Departamento de Servicios a Largo Plazo y Envejecimiento de Nuevo M\u00e9xico<\/span><span style=\"font-weight: 400;\"><br \/><\/span><\/a><span style=\"font-weight: 400;\">Servicios relacionados con las personas mayores, el envejecimiento, los cuidadores y los adultos con discapacidades<\/span><\/p><p><a href=\"https:\/\/www.nmfinder.org\/\"><span style=\"font-weight: 400;\">Buscador NM<\/span><\/a><span style=\"font-weight: 400;\">\u00a0<\/span><br \/><span style=\"font-weight: 400;\">Recursos relacionados con los servicios para la discapacidad intelectual y del desarrollo<\/span><\/p>\t\t\t\t\t\t\t\t<\/div>\n\t\t\t\t<\/div>\n\t\t\t\t<\/div>\n\t\t<div class=\"elementor-element elementor-element-15f8604 e-con-full efc-health e-flex e-con e-child\" data-id=\"15f8604\" data-element_type=\"container\" data-e-type=\"container\">\n\t\t\t\t<div class=\"elementor-element elementor-element-201198d elementor-widget elementor-widget-text-editor\" data-id=\"201198d\" data-element_type=\"widget\" data-e-type=\"widget\" data-widget_type=\"text-editor.default\">\n\t\t\t\t<div class=\"elementor-widget-container\">\n\t\t\t\t\t\t\t\t\t<p><a href=\"https:\/\/na0prd.icarol.com\/landing.html?token=6cb2a16f-e672-4dad-a6ab-5255bd6ada78&amp;cssMode=Publish&amp;orgNum=152706&amp;db=152706\"><span style=\"font-weight: 400;\">United Way 211 de Nuevo M\u00e9xico<\/span><\/a><br \/><span style=\"font-weight: 400;\">Recursos gratuitos para cubrir necesidades b\u00e1sicas, servicios sanitarios y humanos, organismos p\u00fablicos y organizaciones comunitarias a trav\u00e9s de conexiones con servicios locales.\u00a0<\/span><\/p><p><a href=\"https:\/\/sharenm.org\/nm-resources\"><span style=\"font-weight: 400;\">SHARE Nuevo M\u00e9xico<\/span><\/a><span style=\"font-weight: 400;\">\u00a0<\/span><br \/><span style=\"font-weight: 400;\">Recursos: desde guarder\u00edas a servicios para la tercera edad, pasando por educaci\u00f3n, vivienda, etc.<\/span><\/p><p><a href=\"https:\/\/www.nm.gov\/health\/\"><span style=\"font-weight: 400;\">NewMexico.Gov<\/span><\/a><br \/><span style=\"font-weight: 400;\">Recursos para promover la salud y el bienestar<\/span><\/p><p><a href=\"https:\/\/naminewmexico.org\/\" target=\"_blank\" rel=\"noopener\">NAMI Nuevo M\u00e9xico<\/a><br \/>Apoyo, educaci\u00f3n y recursos en materia de salud mental<\/p>\t\t\t\t\t\t\t\t<\/div>\n\t\t\t\t<\/div>\n\t\t\t\t<\/div>\n\t\t<div class=\"elementor-element elementor-element-c09d479 e-con-full efc-request e-flex e-con e-child\" data-id=\"c09d479\" data-element_type=\"container\" data-e-type=\"container\">\n\t\t\t\t<\/div>\n\t\t\t\t\t<\/div>\n\t\t\t\t<\/div>\n\t\t\t\t<\/div>","protected":false},"excerpt":{"rendered":"<p>Resources Finding the right support should be easy. That\u2019s why we provide a variety of resources to help individuals, families, and providers connect with the care they need. Whether you\u2019re looking for mental health services, recovery support, crisis intervention, or self-care tools, we\u2019re here to guide you. Substance Use Programs &amp; Information Parents, Children, Youth [&hellip;]<\/p>\n","protected":false},"author":2,"featured_media":0,"parent":0,"menu_order":0,"comment_status":"closed","ping_status":"closed","template":"elementor_header_footer","meta":{"_acf_changed":false,"footnotes":""},"class_list":["post-42","page","type-page","status-publish","hentry"],"acf":[],"yoast_head":"<!-- This site is optimized with the Yoast SEO plugin v26.9 - https:\/\/yoast.com\/product\/yoast-seo-wordpress\/ -->\n<title>Resources - NMCAL | New Mexico Crisis and Access Line<\/title>\n<meta name=\"robots\" content=\"index, follow, max-snippet:-1, max-image-preview:large, max-video-preview:-1\" \/>\n<link rel=\"canonical\" href=\"https:\/\/nmcrisisline.com\/es\/resources\/\" \/>\n<meta property=\"og:locale\" content=\"es_MX\" \/>\n<meta property=\"og:type\" content=\"article\" \/>\n<meta property=\"og:title\" content=\"Resources - NMCAL | New Mexico Crisis and Access Line\" \/>\n<meta property=\"og:description\" content=\"Resources Finding the right support should be easy. That\u2019s why we provide a variety of resources to help individuals, families, and providers connect with the care they need. Whether you\u2019re looking for mental health services, recovery support, crisis intervention, or self-care tools, we\u2019re here to guide you. Substance Use Programs &amp; Information Parents, Children, Youth [&hellip;]\" \/>\n<meta property=\"og:url\" content=\"https:\/\/nmcrisisline.com\/es\/resources\/\" \/>\n<meta property=\"og:site_name\" content=\"NMCAL | New Mexico Crisis and Access Line\" \/>\n<meta property=\"article:publisher\" content=\"https:\/\/www.facebook.com\/nmcrisisline\" \/>\n<meta property=\"article:modified_time\" content=\"2026-02-18T02:13:47+00:00\" \/>\n<meta name=\"twitter:card\" content=\"summary_large_image\" \/>\n<meta name=\"twitter:label1\" content=\"Tiempo de lectura\" \/>\n\t<meta name=\"twitter:data1\" content=\"3 minutos\" \/>\n<script type=\"application\/ld+json\" class=\"yoast-schema-graph\">{\"@context\":\"https:\/\/schema.org\",\"@graph\":[{\"@type\":\"WebPage\",\"@id\":\"https:\/\/nmcrisisline.com\/es\/resources\/\",\"url\":\"https:\/\/nmcrisisline.com\/es\/resources\/\",\"name\":\"Resources - NMCAL | New Mexico Crisis and Access Line\",\"isPartOf\":{\"@id\":\"https:\/\/nmcrisisline.com\/es\/#website\"},\"datePublished\":\"2025-02-06T22:39:21+00:00\",\"dateModified\":\"2026-02-18T02:13:47+00:00\",\"breadcrumb\":{\"@id\":\"https:\/\/nmcrisisline.com\/es\/resources\/#breadcrumb\"},\"inLanguage\":\"es\",\"potentialAction\":[{\"@type\":\"ReadAction\",\"target\":[\"https:\/\/nmcrisisline.com\/es\/resources\/\"]}]},{\"@type\":\"BreadcrumbList\",\"@id\":\"https:\/\/nmcrisisline.com\/es\/resources\/#breadcrumb\",\"itemListElement\":[{\"@type\":\"ListItem\",\"position\":1,\"name\":\"Home\",\"item\":\"https:\/\/nmcrisisline.com\/es\/\"},{\"@type\":\"ListItem\",\"position\":2,\"name\":\"Resources\"}]},{\"@type\":\"WebSite\",\"@id\":\"https:\/\/nmcrisisline.com\/es\/#website\",\"url\":\"https:\/\/nmcrisisline.com\/es\/\",\"name\":\"New Mexico Crisis and Access Line\",\"description\":\"Mental health support you can trust\",\"publisher\":{\"@id\":\"https:\/\/nmcrisisline.com\/es\/#organization\"},\"potentialAction\":[{\"@type\":\"SearchAction\",\"target\":{\"@type\":\"EntryPoint\",\"urlTemplate\":\"https:\/\/nmcrisisline.com\/es\/?s={search_term_string}\"},\"query-input\":{\"@type\":\"PropertyValueSpecification\",\"valueRequired\":true,\"valueName\":\"search_term_string\"}}],\"inLanguage\":\"es\"},{\"@type\":\"Organization\",\"@id\":\"https:\/\/nmcrisisline.com\/es\/#organization\",\"name\":\"New Mexico Crisis and Access Line\",\"url\":\"https:\/\/nmcrisisline.com\/es\/\",\"logo\":{\"@type\":\"ImageObject\",\"inLanguage\":\"es\",\"@id\":\"https:\/\/nmcrisisline.com\/es\/#\/schema\/logo\/image\/\",\"url\":\"https:\/\/nmcrisisline.com\/wp-content\/uploads\/2024\/12\/NMCAL-and-988-Logo.png\",\"contentUrl\":\"https:\/\/nmcrisisline.com\/wp-content\/uploads\/2024\/12\/NMCAL-and-988-Logo.png\",\"width\":5005,\"height\":5005,\"caption\":\"New Mexico Crisis and Access Line\"},\"image\":{\"@id\":\"https:\/\/nmcrisisline.com\/es\/#\/schema\/logo\/image\/\"},\"sameAs\":[\"https:\/\/www.facebook.com\/nmcrisisline\",\"https:\/\/www.instagram.com\/nmcrisisline\/\"]}]}<\/script>\n<!-- \/ Yoast SEO plugin. -->","yoast_head_json":{"title":"Resources - NMCAL | New Mexico Crisis and Access Line","robots":{"index":"index","follow":"follow","max-snippet":"max-snippet:-1","max-image-preview":"max-image-preview:large","max-video-preview":"max-video-preview:-1"},"canonical":"https:\/\/nmcrisisline.com\/es\/resources\/","og_locale":"es_MX","og_type":"article","og_title":"Resources - NMCAL | New Mexico Crisis and Access Line","og_description":"Resources Finding the right support should be easy. That\u2019s why we provide a variety of resources to help individuals, families, and providers connect with the care they need. Whether you\u2019re looking for mental health services, recovery support, crisis intervention, or self-care tools, we\u2019re here to guide you. Substance Use Programs &amp; Information Parents, Children, Youth [&hellip;]","og_url":"https:\/\/nmcrisisline.com\/es\/resources\/","og_site_name":"NMCAL | New Mexico Crisis and Access Line","article_publisher":"https:\/\/www.facebook.com\/nmcrisisline","article_modified_time":"2026-02-18T02:13:47+00:00","twitter_card":"summary_large_image","twitter_misc":{"Tiempo de lectura":"3 minutos"},"schema":{"@context":"https:\/\/schema.org","@graph":[{"@type":"WebPage","@id":"https:\/\/nmcrisisline.com\/es\/resources\/","url":"https:\/\/nmcrisisline.com\/es\/resources\/","name":"Resources - NMCAL | New Mexico Crisis and Access Line","isPartOf":{"@id":"https:\/\/nmcrisisline.com\/es\/#website"},"datePublished":"2025-02-06T22:39:21+00:00","dateModified":"2026-02-18T02:13:47+00:00","breadcrumb":{"@id":"https:\/\/nmcrisisline.com\/es\/resources\/#breadcrumb"},"inLanguage":"es","potentialAction":[{"@type":"ReadAction","target":["https:\/\/nmcrisisline.com\/es\/resources\/"]}]},{"@type":"BreadcrumbList","@id":"https:\/\/nmcrisisline.com\/es\/resources\/#breadcrumb","itemListElement":[{"@type":"ListItem","position":1,"name":"Home","item":"https:\/\/nmcrisisline.com\/es\/"},{"@type":"ListItem","position":2,"name":"Resources"}]},{"@type":"WebSite","@id":"https:\/\/nmcrisisline.com\/es\/#website","url":"https:\/\/nmcrisisline.com\/es\/","name":"L\u00ednea de Crisis y Acceso de Nuevo M\u00e9xico","description":"Apoyo a la salud mental en el que puede confiar","publisher":{"@id":"https:\/\/nmcrisisline.com\/es\/#organization"},"potentialAction":[{"@type":"SearchAction","target":{"@type":"EntryPoint","urlTemplate":"https:\/\/nmcrisisline.com\/es\/?s={search_term_string}"},"query-input":{"@type":"PropertyValueSpecification","valueRequired":true,"valueName":"search_term_string"}}],"inLanguage":"es"},{"@type":"Organization","@id":"https:\/\/nmcrisisline.com\/es\/#organization","name":"L\u00ednea de Crisis y Acceso de Nuevo M\u00e9xico","url":"https:\/\/nmcrisisline.com\/es\/","logo":{"@type":"ImageObject","inLanguage":"es","@id":"https:\/\/nmcrisisline.com\/es\/#\/schema\/logo\/image\/","url":"https:\/\/nmcrisisline.com\/wp-content\/uploads\/2024\/12\/NMCAL-and-988-Logo.png","contentUrl":"https:\/\/nmcrisisline.com\/wp-content\/uploads\/2024\/12\/NMCAL-and-988-Logo.png","width":5005,"height":5005,"caption":"New Mexico Crisis and Access Line"},"image":{"@id":"https:\/\/nmcrisisline.com\/es\/#\/schema\/logo\/image\/"},"sameAs":["https:\/\/www.facebook.com\/nmcrisisline","https:\/\/www.instagram.com\/nmcrisisline\/"]}]}},"_links":{"self":[{"href":"https:\/\/nmcrisisline.com\/es\/wp-json\/wp\/v2\/pages\/42","targetHints":{"allow":["GET"]}}],"collection":[{"href":"https:\/\/nmcrisisline.com\/es\/wp-json\/wp\/v2\/pages"}],"about":[{"href":"https:\/\/nmcrisisline.com\/es\/wp-json\/wp\/v2\/types\/page"}],"author":[{"embeddable":true,"href":"https:\/\/nmcrisisline.com\/es\/wp-json\/wp\/v2\/users\/2"}],"replies":[{"embeddable":true,"href":"https:\/\/nmcrisisline.com\/es\/wp-json\/wp\/v2\/comments?post=42"}],"version-history":[{"count":106,"href":"https:\/\/nmcrisisline.com\/es\/wp-json\/wp\/v2\/pages\/42\/revisions"}],"predecessor-version":[{"id":1223,"href":"https:\/\/nmcrisisline.com\/es\/wp-json\/wp\/v2\/pages\/42\/revisions\/1223"}],"wp:attachment":[{"href":"https:\/\/nmcrisisline.com\/es\/wp-json\/wp\/v2\/media?parent=42"}],"curies":[{"name":"wp","href":"https:\/\/api.w.org\/{rel}","templated":true}]}}